{"id":1254,"date":"2017-04-12T14:15:07","date_gmt":"2017-04-12T12:15:07","guid":{"rendered":"https:\/\/aetka.de\/blog\/?page_id=1254"},"modified":"2017-04-12T15:42:15","modified_gmt":"2017-04-12T13:42:15","slug":"startseite","status":"publish","type":"page","link":"https:\/\/aetka.de\/blog\/","title":{"rendered":"Startseite"},"content":{"rendered":"<div class=\"container \">\n<div class=\"row\">\n<div class=\"col-lg-6 col-md-8 col-sm-12 center-block\">\n<h2 class=\"center\">Beitr\u00e4ge vom aetka-Profi<\/h2>\n<p><span class=\"center\">Dieser Blog ist anders! Hier informieren Sie die Inhaber von freien Telekommunikations-Fachgesch\u00e4ften pers\u00f6nlich \u00fcber aktuelle Themen, Entwicklungen und Produkte der Branche. Mit ihrer langj\u00e4hrigen Erfahrung als Beratungsprofi und einem Wissen, wie es sich nur durch regelm\u00e4\u00dfigen Kontakt mit den unterschiedlichsten Kundenanfragen und \u2013typen entwickelt, haben Sie einen ganz eigenen Blick auf die Sachverhalte. \u00dcberzeugen Sie sich selbst!<\/span>\n<\/div>\n<\/div>\n<\/div>\n\t\n\t\t<div class=\"container \">\n\t\t\t<div class=\"row\">\n\t\t\t\n\t\t\t\n\t\t\t\t\t<div class=\"col-md-4 lastposts\">\n\t\t\t\t\t\t<h3><a href=\"https:\/\/aetka.de\/blog\/samsung-galaxy-a57-lohnt-sich-das\/\" title=\"Startseite\">Samsung Galaxy A57: F\u00fcr wen sich der Nachfolger des meistverkauften Smartphones 2025 lohnt<\/a><\/h3>\t\t\t\t\t\t<span class=\"date author colbox\">13.April 2026 | 11:39 Uhr | Annika Weller<\/span>\n\t\t\t\t\t\t\n\t\t\t\t\t\t<div class=\"imagecontainer\">\n\t\t\t\t\t\t<a href=\"https:\/\/aetka.de\/blog\/samsung-galaxy-a57-lohnt-sich-das\/\" title=\"Startseite\">\t\t\t\t\t\t\t<img decoding=\"async\" width=\"800\" height=\"400\" src=\"https:\/\/aetka.de\/blog\/wp-content\/uploads\/2026\/04\/2026-03_Samsung_A57_Sale_800x400px_aetka-Blog.jpg\" class=\"attachment-bones-thumb-800 size-bones-thumb-800 wp-post-image\" alt=\"\" srcset=\"https:\/\/aetka.de\/blog\/wp-content\/uploads\/2026\/04\/2026-03_Samsung_A57_Sale_800x400px_aetka-Blog.jpg 800w, https:\/\/aetka.de\/blog\/wp-content\/uploads\/2026\/04\/2026-03_Samsung_A57_Sale_800x400px_aetka-Blog-300x150.jpg 300w, https:\/\/aetka.de\/blog\/wp-content\/uploads\/2026\/04\/2026-03_Samsung_A57_Sale_800x400px_aetka-Blog-768x384.jpg 768w, https:\/\/aetka.de\/blog\/wp-content\/uploads\/2026\/04\/2026-03_Samsung_A57_Sale_800x400px_aetka-Blog-400x200.jpg 400w\" sizes=\"(max-width: 800px) 100vw, 800px\" \/>\t\t\t\t\t\t<\/a>\n\t\t\t\t\t\t<\/div>\n\t\t\t\t\t\t\t\n\t\t\t\t\t\t<p><strong>Das Samsung Galaxy A56 wurde im vergangenen Jahr europaweit am meisten verkauft. Der Grund: F\u00fcr einen fairen Preis bietet das Smartphone viel. Jetzt tritt mit dem A57 der Nachfolger in dessen Fu\u00dfstapfen. Was neu ist und f\u00fcr wen sich der Umstieg lohnt, erf\u00e4hrst Du hier.<\/strong><\/p>\n\t\t\t\t\t\t<a class=\"readmore\" href=\"https:\/\/aetka.de\/blog\/samsung-galaxy-a57-lohnt-sich-das\/\">Weiterlesen...<\/a>\n\t\t\t\t\t<\/div>\n\t\t\t\t\t\n\t\t\t\t\t\n\t\t\t\t\t\n\t\t\t\t\n\t\t\t\t\t<div class=\"col-md-4 lastposts\">\n\t\t\t\t\t\t<h3><a href=\"https:\/\/aetka.de\/blog\/gigaset-e290-lohnt-sich-das-telefon\/\" title=\"Startseite\">Gigaset E290 im Check: Warum dieses Gro\u00dftastentelefon im Alltag so stark ist<\/a><\/h3>\t\t\t\t\t\t<span class=\"date author colbox\">07.April 2026 | 12:10 Uhr | Silke Lori<\/span>\n\t\t\t\t\t\t\n\t\t\t\t\t\t<div class=\"imagecontainer\">\n\t\t\t\t\t\t<a href=\"https:\/\/aetka.de\/blog\/gigaset-e290-lohnt-sich-das-telefon\/\" title=\"Startseite\">\t\t\t\t\t\t\t<img decoding=\"async\" width=\"800\" height=\"400\" src=\"https:\/\/aetka.de\/blog\/wp-content\/uploads\/2026\/03\/800x400px_Blogbeitrag_Gigaset-E290.jpg\" class=\"attachment-bones-thumb-800 size-bones-thumb-800 wp-post-image\" alt=\"Gigaset E290\" srcset=\"https:\/\/aetka.de\/blog\/wp-content\/uploads\/2026\/03\/800x400px_Blogbeitrag_Gigaset-E290.jpg 800w, https:\/\/aetka.de\/blog\/wp-content\/uploads\/2026\/03\/800x400px_Blogbeitrag_Gigaset-E290-300x150.jpg 300w, https:\/\/aetka.de\/blog\/wp-content\/uploads\/2026\/03\/800x400px_Blogbeitrag_Gigaset-E290-768x384.jpg 768w, https:\/\/aetka.de\/blog\/wp-content\/uploads\/2026\/03\/800x400px_Blogbeitrag_Gigaset-E290-400x200.jpg 400w\" sizes=\"(max-width: 800px) 100vw, 800px\" \/>\t\t\t\t\t\t<\/a>\n\t\t\t\t\t\t<\/div>\n\t\t\t\t\t\t\t\n\t\t\t\t\t\t<p><strong>Nicht jedes Telefon muss mit Apps, Touchscreen oder komplizierten Men\u00fcs gl\u00e4nzen. <\/strong><strong>Manchmal ist genau das Gegenteil gefragt: ein Ger\u00e4t, das zuverl\u00e4ssig funktioniert, leicht <\/strong><strong>zu bedienen ist und im Alltag keine H\u00fcrden aufbaut. Genau an dieser Stelle setzt das <\/strong><strong>Gigaset E290 an. Ein schnurloses Festnetztelefon, das bewusst auf einfache Bedienung <\/strong><strong>und hohe Alltagstauglichkeit ausgelegt ist. Es richtet sich besonders an Menschen, die <\/strong><strong>Wert auf gute Lesbarkeit, klare Men\u00fcf\u00fchrung und hohe Sprachqualit\u00e4t legen. Typische <\/strong><strong>Merkmale sind gro\u00dfe, beleuchtete Tasten, ein kontrastreiches Schwarz-Wei\u00df-Display, <\/strong><strong>Zielwahltasten f\u00fcr wichtige Kontakte sowie eine Verst\u00e4rkerfunktion f\u00fcr lauteres H\u00f6ren. <\/strong><strong>Zus\u00e4tzlich bietet es extra gro\u00dfe Schriftzeichen und w\u00e4hlbare Akustikprofile. Obwohl es <\/strong><strong>wie ein klassisches Gro\u00dftastentelefon wirkt, wurde es als durchdachtes Gesamtpaket <\/strong><strong>entwickelt, das vielen Nutzer und Nutzerinnen eine m\u00f6glichst unkomplizierte Bedienung <\/strong><strong>erm\u00f6glicht.<\/strong><\/p>\n\t\t\t\t\t\t<a class=\"readmore\" href=\"https:\/\/aetka.de\/blog\/gigaset-e290-lohnt-sich-das-telefon\/\">Weiterlesen...<\/a>\n\t\t\t\t\t<\/div>\n\t\t\t\t\t\n\t\t\t\t\t\n\t\t\t\t\t\n\t\t\t\t\n\t\t\t\t\t<div class=\"col-md-4 lastposts\">\n\t\t\t\t\t\t<h3><a href=\"https:\/\/aetka.de\/blog\/smartphone-ersetzt-alltagsgeraete\/\" title=\"Startseite\">Vom Telefon zum digitalen Schweizer Taschenmesser<\/a><\/h3>\t\t\t\t\t\t<span class=\"date author colbox\">01.April 2026 | 09:31 Uhr | Ronny D\u00f6hner<\/span>\n\t\t\t\t\t\t\n\t\t\t\t\t\t<div class=\"imagecontainer\">\n\t\t\t\t\t\t<a href=\"https:\/\/aetka.de\/blog\/smartphone-ersetzt-alltagsgeraete\/\" title=\"Startseite\">\t\t\t\t\t\t\t<img decoding=\"async\" width=\"800\" height=\"400\" src=\"https:\/\/aetka.de\/blog\/wp-content\/uploads\/2026\/03\/800x400_Blogbeitrag_digitales-Schweizer-Taschenmesser.jpg\" class=\"attachment-bones-thumb-800 size-bones-thumb-800 wp-post-image\" alt=\"\" srcset=\"https:\/\/aetka.de\/blog\/wp-content\/uploads\/2026\/03\/800x400_Blogbeitrag_digitales-Schweizer-Taschenmesser.jpg 800w, https:\/\/aetka.de\/blog\/wp-content\/uploads\/2026\/03\/800x400_Blogbeitrag_digitales-Schweizer-Taschenmesser-300x150.jpg 300w, https:\/\/aetka.de\/blog\/wp-content\/uploads\/2026\/03\/800x400_Blogbeitrag_digitales-Schweizer-Taschenmesser-768x384.jpg 768w, https:\/\/aetka.de\/blog\/wp-content\/uploads\/2026\/03\/800x400_Blogbeitrag_digitales-Schweizer-Taschenmesser-400x200.jpg 400w\" sizes=\"(max-width: 800px) 100vw, 800px\" \/>\t\t\t\t\t\t<\/a>\n\t\t\t\t\t\t<\/div>\n\t\t\t\t\t\t\t\n\t\t\t\t\t\t<p><strong>Das Smartphone ist als echter Allrounder gar nicht mehr wegzudenken. Ich habe mal eine kleine Zeitreise unternommen und m\u00f6chte meine Erkenntnisse gern teilen! Wenn man sich anschaut, welche Ger\u00e4te fr\u00fcher ganz selbstverst\u00e4ndlich zum Alltag geh\u00f6rten, wird eine Entwicklung besonders deutlich: Das Smartphone hat sich vom Kommunikationsger\u00e4t zum digitalen Universalwerkzeug entwickelt.<\/strong><\/p>\n\t\t\t\t\t\t<a class=\"readmore\" href=\"https:\/\/aetka.de\/blog\/smartphone-ersetzt-alltagsgeraete\/\">Weiterlesen...<\/a>\n\t\t\t\t\t<\/div>\n\t\t\t\t\t\n\t\t\t\t\t\n\t\t\t\t\t\n\t\t\t\t\t\t\t\n\t\t\n\t\t\t\n\t\t\t<\/div>\n\t\t<\/div>\n\n\t\n\t\n","protected":false},"excerpt":{"rendered":"<p>Beitr\u00e4ge vom aetka-Profi Dieser Blog ist anders! Hier informieren Sie die Inhaber von freien Telekommunikations-Fachgesch\u00e4ften pers\u00f6nlich \u00fcber aktuelle Themen, Entwicklungen und Produkte der Branche. Mit ihrer langj\u00e4hrigen Erfahrung als Beratungsprofi und einem Wissen, wie es sich nur durch regelm\u00e4\u00dfigen Kontakt mit den unterschiedlichsten Kundenanfragen und \u2013typen entwickelt, haben Sie einen ganz eigenen Blick auf die&#8230;  <a class=\"excerpt-read-more\" href=\"https:\/\/aetka.de\/blog\/\" title=\"Read Startseite\">Weiter &raquo;<\/a><\/p>\n","protected":false},"author":14,"featured_media":0,"parent":0,"menu_order":0,"comment_status":"closed","ping_status":"closed","template":"","meta":{"_editorskit_title_hidden":false,"_editorskit_reading_time":0,"_editorskit_is_block_options_detached":false,"_editorskit_block_options_position":"{}","footnotes":""},"class_list":["post-1254","page","type-page","status-publish","hentry"],"yoast_head":"<!-- This site is optimized with the Yoast SEO plugin v27.3 - https:\/\/yoast.com\/product\/yoast-seo-wordpress\/ -->\n<title>Startseite - aetka Blog<\/title>\n<meta name=\"robots\" content=\"index, follow, max-snippet:-1, max-image-preview:large, max-video-preview:-1\" \/>\n<link rel=\"canonical\" href=\"https:\/\/aetka.de\/blog\/\" \/>\n<meta property=\"og:locale\" content=\"de_DE\" \/>\n<meta property=\"og:type\" content=\"article\" \/>\n<meta property=\"og:title\" content=\"Startseite - aetka Blog\" \/>\n<meta property=\"og:description\" content=\"Beitr\u00e4ge vom aetka-Profi Dieser Blog ist anders! Hier informieren Sie die Inhaber von freien Telekommunikations-Fachgesch\u00e4ften pers\u00f6nlich \u00fcber aktuelle Themen, Entwicklungen und Produkte der Branche. Mit ihrer langj\u00e4hrigen Erfahrung als Beratungsprofi und einem Wissen, wie es sich nur durch regelm\u00e4\u00dfigen Kontakt mit den unterschiedlichsten Kundenanfragen und \u2013typen entwickelt, haben Sie einen ganz eigenen Blick auf die... Weiter &raquo;\" \/>\n<meta property=\"og:url\" content=\"https:\/\/aetka.de\/blog\/\" \/>\n<meta property=\"og:site_name\" content=\"aetka Blog\" \/>\n<meta property=\"article:publisher\" content=\"https:\/\/www.facebook.com\/aetka.ag\" \/>\n<meta property=\"article:modified_time\" content=\"2017-04-12T13:42:15+00:00\" \/>\n<meta name=\"twitter:card\" content=\"summary_large_image\" \/>\n<meta name=\"twitter:site\" content=\"@aetka\" \/>\n<script type=\"application\/ld+json\" class=\"yoast-schema-graph\">{\"@context\":\"https:\\\/\\\/schema.org\",\"@graph\":[{\"@type\":\"WebPage\",\"@id\":\"https:\\\/\\\/aetka.de\\\/blog\\\/\",\"url\":\"https:\\\/\\\/aetka.de\\\/blog\\\/\",\"name\":\"Startseite - aetka Blog\",\"isPartOf\":{\"@id\":\"https:\\\/\\\/aetka.de\\\/blog\\\/#website\"},\"datePublished\":\"2017-04-12T12:15:07+00:00\",\"dateModified\":\"2017-04-12T13:42:15+00:00\",\"breadcrumb\":{\"@id\":\"https:\\\/\\\/aetka.de\\\/blog\\\/#breadcrumb\"},\"inLanguage\":\"de\",\"potentialAction\":[{\"@type\":\"ReadAction\",\"target\":[\"https:\\\/\\\/aetka.de\\\/blog\\\/\"]}]},{\"@type\":\"BreadcrumbList\",\"@id\":\"https:\\\/\\\/aetka.de\\\/blog\\\/#breadcrumb\",\"itemListElement\":[{\"@type\":\"ListItem\",\"position\":1,\"name\":\"Startseite\",\"item\":\"https:\\\/\\\/aetka.de\\\/blog\\\/\"},{\"@type\":\"ListItem\",\"position\":2,\"name\":\"Startseite\"}]},{\"@type\":\"WebSite\",\"@id\":\"https:\\\/\\\/aetka.de\\\/blog\\\/#website\",\"url\":\"https:\\\/\\\/aetka.de\\\/blog\\\/\",\"name\":\"aetka Blog\",\"description\":\"\",\"potentialAction\":[{\"@type\":\"SearchAction\",\"target\":{\"@type\":\"EntryPoint\",\"urlTemplate\":\"https:\\\/\\\/aetka.de\\\/blog\\\/?s={search_term_string}\"},\"query-input\":{\"@type\":\"PropertyValueSpecification\",\"valueRequired\":true,\"valueName\":\"search_term_string\"}}],\"inLanguage\":\"de\"}]}<\/script>\n<!-- \/ Yoast SEO plugin. -->","yoast_head_json":{"title":"Startseite - aetka Blog","robots":{"index":"index","follow":"follow","max-snippet":"max-snippet:-1","max-image-preview":"max-image-preview:large","max-video-preview":"max-video-preview:-1"},"canonical":"https:\/\/aetka.de\/blog\/","og_locale":"de_DE","og_type":"article","og_title":"Startseite - aetka Blog","og_description":"Beitr\u00e4ge vom aetka-Profi Dieser Blog ist anders! Hier informieren Sie die Inhaber von freien Telekommunikations-Fachgesch\u00e4ften pers\u00f6nlich \u00fcber aktuelle Themen, Entwicklungen und Produkte der Branche. Mit ihrer langj\u00e4hrigen Erfahrung als Beratungsprofi und einem Wissen, wie es sich nur durch regelm\u00e4\u00dfigen Kontakt mit den unterschiedlichsten Kundenanfragen und \u2013typen entwickelt, haben Sie einen ganz eigenen Blick auf die... Weiter &raquo;","og_url":"https:\/\/aetka.de\/blog\/","og_site_name":"aetka Blog","article_publisher":"https:\/\/www.facebook.com\/aetka.ag","article_modified_time":"2017-04-12T13:42:15+00:00","twitter_card":"summary_large_image","twitter_site":"@aetka","schema":{"@context":"https:\/\/schema.org","@graph":[{"@type":"WebPage","@id":"https:\/\/aetka.de\/blog\/","url":"https:\/\/aetka.de\/blog\/","name":"Startseite - aetka Blog","isPartOf":{"@id":"https:\/\/aetka.de\/blog\/#website"},"datePublished":"2017-04-12T12:15:07+00:00","dateModified":"2017-04-12T13:42:15+00:00","breadcrumb":{"@id":"https:\/\/aetka.de\/blog\/#breadcrumb"},"inLanguage":"de","potentialAction":[{"@type":"ReadAction","target":["https:\/\/aetka.de\/blog\/"]}]},{"@type":"BreadcrumbList","@id":"https:\/\/aetka.de\/blog\/#breadcrumb","itemListElement":[{"@type":"ListItem","position":1,"name":"Startseite","item":"https:\/\/aetka.de\/blog\/"},{"@type":"ListItem","position":2,"name":"Startseite"}]},{"@type":"WebSite","@id":"https:\/\/aetka.de\/blog\/#website","url":"https:\/\/aetka.de\/blog\/","name":"aetka Blog","description":"","potentialAction":[{"@type":"SearchAction","target":{"@type":"EntryPoint","urlTemplate":"https:\/\/aetka.de\/blog\/?s={search_term_string}"},"query-input":{"@type":"PropertyValueSpecification","valueRequired":true,"valueName":"search_term_string"}}],"inLanguage":"de"}]}},"_links":{"self":[{"href":"https:\/\/aetka.de\/blog\/wp-json\/wp\/v2\/pages\/1254","targetHints":{"allow":["GET"]}}],"collection":[{"href":"https:\/\/aetka.de\/blog\/wp-json\/wp\/v2\/pages"}],"about":[{"href":"https:\/\/aetka.de\/blog\/wp-json\/wp\/v2\/types\/page"}],"author":[{"embeddable":true,"href":"https:\/\/aetka.de\/blog\/wp-json\/wp\/v2\/users\/14"}],"replies":[{"embeddable":true,"href":"https:\/\/aetka.de\/blog\/wp-json\/wp\/v2\/comments?post=1254"}],"version-history":[{"count":5,"href":"https:\/\/aetka.de\/blog\/wp-json\/wp\/v2\/pages\/1254\/revisions"}],"predecessor-version":[{"id":1261,"href":"https:\/\/aetka.de\/blog\/wp-json\/wp\/v2\/pages\/1254\/revisions\/1261"}],"wp:attachment":[{"href":"https:\/\/aetka.de\/blog\/wp-json\/wp\/v2\/media?parent=1254"}],"curies":[{"name":"wp","href":"https:\/\/api.w.org\/{rel}","templated":true}]}}